{"id":4359,"date":"2022-05-06T14:21:41","date_gmt":"2022-05-06T17:21:41","guid":{"rendered":"https:\/\/www.abravaexporta.com.br\/esp\/?page_id=4359"},"modified":"2022-05-06T14:30:29","modified_gmt":"2022-05-06T17:30:29","slug":"sobre-apex-brasil","status":"publish","type":"page","link":"https:\/\/www.abravaexporta.com.br\/esp\/sobre-apex-brasil\/","title":{"rendered":"Sobre Apex-Brasil"},"content":{"rendered":"\t\t<div data-elementor-type=\"wp-page\" data-elementor-id=\"4359\" class=\"elementor elementor-4359\" data-elementor-settings=\"[]\">\n\t\t\t\t\t\t\t<div class=\"elementor-section-wrap\">\n\t\t\t\t\t        <section class=\"elementor-section elementor-top-section elementor-element elementor-element-c9bfa56 elementor-section-stretched elementor-section-boxed elementor-section-height-default elementor-section-height-default\" data-id=\"c9bfa56\" data-element_type=\"section\" data-settings=\"{&quot;stretch_section&quot;:&quot;section-stretched&quot;,&quot;background_background&quot;:&quot;classic&quot;}\">\n            \n                        <div class=\"elementor-container elementor-column-gap-default \">\n                    <div class=\"elementor-column elementor-col-100 elementor-top-column elementor-element elementor-element-e3bbf7b\" data-id=\"e3bbf7b\" data-element_type=\"column\">\n            <div class=\"elementor-widget-wrap elementor-element-populated\">\n                        \t\t<div class=\"elementor-element elementor-element-c42dc36 elementor-widget elementor-widget-cms_heading\" data-id=\"c42dc36\" data-element_type=\"widget\" data-widget_type=\"cms_heading.default\">\n\t\t\t\t<div class=\"elementor-widget-container\">\n\t\t\t<div class=\"cms-heading-wrapper cms-heading-layout1\">\n    \n            <h3 class=\"custom-heading\">\n            <span >Sobre Apex-Brasil<\/span>\n        <\/h3>\n        \n    <\/div>\t\t<\/div>\n\t\t\t\t<\/div>\n\t\t\t\t<div class=\"elementor-element elementor-element-18adf77 elementor-widget elementor-widget-cms_breadcrumb\" data-id=\"18adf77\" data-element_type=\"widget\" data-widget_type=\"cms_breadcrumb.default\">\n\t\t\t\t<div class=\"elementor-widget-container\">\n\t\t\t<ul class=\"cms-breadcrumb\"><li><span class=\"breadcrumb-entry\">Home<\/span><\/li><\/ul>\t\t<\/div>\n\t\t\t\t<\/div>\n\t\t            <\/div>\n        <\/div>\n                            <\/div>\n        <\/section>\n                <section class=\"elementor-section elementor-top-section elementor-element elementor-element-ee4b78c elementor-section-stretched elementor-section-boxed elementor-section-height-default elementor-section-height-default\" data-id=\"ee4b78c\" data-element_type=\"section\" data-settings=\"{&quot;stretch_section&quot;:&quot;section-stretched&quot;}\">\n            \n                        <div class=\"elementor-container elementor-column-gap-extended \">\n                    <div class=\"elementor-column elementor-col-100 elementor-top-column elementor-element elementor-element-b6b07e2\" data-id=\"b6b07e2\" data-element_type=\"column\">\n            <div class=\"elementor-widget-wrap elementor-element-populated\">\n                                <section class=\"elementor-section elementor-inner-section elementor-element elementor-element-e001ee6 elementor-section-boxed elementor-section-height-default elementor-section-height-default\" data-id=\"e001ee6\" data-element_type=\"section\">\n            \n                        <div class=\"elementor-container elementor-column-gap-extended \">\n                    <div class=\"elementor-column elementor-col-100 elementor-inner-column elementor-element elementor-element-801b15b\" data-id=\"801b15b\" data-element_type=\"column\">\n            <div class=\"elementor-widget-wrap elementor-element-populated\">\n                        \t\t<div class=\"elementor-element elementor-element-53ad132 elementor-widget elementor-widget-text-editor\" data-id=\"53ad132\" data-element_type=\"widget\" data-widget_type=\"text-editor.default\">\n\t\t\t\t<div class=\"elementor-widget-container\">\n\t\t\t\t\t\t\t<p>La Agencia Brasile\u00f1a de Promoci\u00f3n de Exportaciones e Inversiones (Apex-Brasil) act\u00faa para promover productos y servicios brasile\u00f1os en el exterior y atraer inversiones extranjeras para sectores estrat\u00e9gicos de la econom\u00eda brasile\u00f1a.<\/p><p>Apex-Brasil organiza varias iniciativas que tienen como objetivo promover las exportaciones brasile\u00f1as en el exterior. Los esfuerzos de la Agencia comprenden misiones comerciales y prospectivas, ruedas de negocios, apoyo a la participaci\u00f3n de empresas brasile\u00f1as en grandes ferias comerciales internacionales, organizaci\u00f3n de visitas t\u00e9cnicas de compradores extranjeros y formadores de opini\u00f3n para conocer la estructura productiva brasile\u00f1a, y otras actividades seleccionadas y designadas para fortalecer la marca del pa\u00eds en el exterior.<\/p><p>Apex-Brasil tambi\u00e9n desempe\u00f1a un rol importante en la atracci\u00f3n de inversiones extranjeras directas (IED) para Brasil, trabajando para identificar oportunidades de negocios, promoviendo eventos estrat\u00e9gicos y dando apoyo a inversores extranjeros que desean asignar recursos en Brasil.<\/p><p>Para m\u00e1s informaci\u00f3n, consulte:<\/p>\t\t\t\t\t\t<\/div>\n\t\t\t\t<\/div>\n\t\t\t\t<div class=\"elementor-element elementor-element-95c9496 elementor-align-left elementor-widget elementor-widget-cms_button\" data-id=\"95c9496\" data-element_type=\"widget\" data-widget_type=\"cms_button.default\">\n\t\t\t\t<div class=\"elementor-widget-container\">\n\t\t\t<div class=\"cms-button-wrapper cms-button-layout1\">\n    <a href=\"https:\/\/apexbrasil.com.br\/\" class=\"btn btn-secondary\">\n                            <span class=\"cms-button-icon cms-align-icon-left\">\n                <i aria-hidden=\"true\" class=\"fas fa-arrow-right\"><\/i>            <\/span>\n                <span class=\"cms-button-text\">Apex Brasil<\/span>\n    <\/a>\n<\/div>\t\t<\/div>\n\t\t\t\t<\/div>\n\t\t            <\/div>\n        <\/div>\n                            <\/div>\n        <\/section>\n                    <\/div>\n        <\/div>\n                            <\/div>\n        <\/section>\n        \t\t\t\t<\/div>\n\t\t\t\t\t<\/div>\n\t\t","protected":false},"excerpt":{"rendered":"<p>Sobre Apex-Brasil Home La Agencia Brasile\u00f1a de Promoci\u00f3n de Exportaciones e Inversiones (Apex-Brasil) act\u00faa para promover productos y servicios brasile\u00f1os en el exterior y atraer inversiones extranjeras para sectores estrat\u00e9gicos de la econom\u00eda brasile\u00f1a. Apex-Brasil organiza varias iniciativas que tienen como objetivo promover las exportaciones brasile\u00f1as en el exterior. Los esfuerzos de la Agencia comprenden [&hellip;]<\/p>\n","protected":false},"author":1,"featured_media":0,"parent":0,"menu_order":0,"comment_status":"closed","ping_status":"closed","template":"","meta":{"footnotes":""},"class_list":["post-4359","page","type-page","status-publish","hentry"],"_links":{"self":[{"href":"https:\/\/www.abravaexporta.com.br\/esp\/wp-json\/wp\/v2\/pages\/4359","targetHints":{"allow":["GET"]}}],"collection":[{"href":"https:\/\/www.abravaexporta.com.br\/esp\/wp-json\/wp\/v2\/pages"}],"about":[{"href":"https:\/\/www.abravaexporta.com.br\/esp\/wp-json\/wp\/v2\/types\/page"}],"author":[{"embeddable":true,"href":"https:\/\/www.abravaexporta.com.br\/esp\/wp-json\/wp\/v2\/users\/1"}],"replies":[{"embeddable":true,"href":"https:\/\/www.abravaexporta.com.br\/esp\/wp-json\/wp\/v2\/comments?post=4359"}],"version-history":[{"count":7,"href":"https:\/\/www.abravaexporta.com.br\/esp\/wp-json\/wp\/v2\/pages\/4359\/revisions"}],"predecessor-version":[{"id":4386,"href":"https:\/\/www.abravaexporta.com.br\/esp\/wp-json\/wp\/v2\/pages\/4359\/revisions\/4386"}],"wp:attachment":[{"href":"https:\/\/www.abravaexporta.com.br\/esp\/wp-json\/wp\/v2\/media?parent=4359"}],"curies":[{"name":"wp","href":"https:\/\/api.w.org\/{rel}","templated":true}]}}