{"id":4353,"date":"2022-05-06T10:59:40","date_gmt":"2022-05-06T13:59:40","guid":{"rendered":"https:\/\/www.abravaexporta.com.br\/esp\/?page_id=4353"},"modified":"2022-05-06T14:29:49","modified_gmt":"2022-05-06T17:29:49","slug":"sobre-abrava","status":"publish","type":"page","link":"https:\/\/www.abravaexporta.com.br\/esp\/sobre-abrava\/","title":{"rendered":"Sobre Abrava"},"content":{"rendered":"\t\t<div data-elementor-type=\"wp-page\" data-elementor-id=\"4353\" class=\"elementor elementor-4353\" data-elementor-settings=\"[]\">\n\t\t\t\t\t\t\t<div class=\"elementor-section-wrap\">\n\t\t\t\t\t        <section class=\"elementor-section elementor-top-section elementor-element elementor-element-c9bfa56 elementor-section-stretched elementor-section-boxed elementor-section-height-default elementor-section-height-default\" data-id=\"c9bfa56\" data-element_type=\"section\" data-settings=\"{&quot;stretch_section&quot;:&quot;section-stretched&quot;,&quot;background_background&quot;:&quot;classic&quot;}\">\n            \n                        <div class=\"elementor-container elementor-column-gap-default \">\n                    <div class=\"elementor-column elementor-col-100 elementor-top-column elementor-element elementor-element-e3bbf7b\" data-id=\"e3bbf7b\" data-element_type=\"column\">\n            <div class=\"elementor-widget-wrap elementor-element-populated\">\n                        \t\t<div class=\"elementor-element elementor-element-c42dc36 elementor-widget elementor-widget-cms_heading\" data-id=\"c42dc36\" data-element_type=\"widget\" data-widget_type=\"cms_heading.default\">\n\t\t\t\t<div class=\"elementor-widget-container\">\n\t\t\t<div class=\"cms-heading-wrapper cms-heading-layout1\">\n    \n            <h3 class=\"custom-heading\">\n            <span >Sobre Abrava<\/span>\n        <\/h3>\n        \n    <\/div>\t\t<\/div>\n\t\t\t\t<\/div>\n\t\t\t\t<div class=\"elementor-element elementor-element-18adf77 elementor-widget elementor-widget-cms_breadcrumb\" data-id=\"18adf77\" data-element_type=\"widget\" data-widget_type=\"cms_breadcrumb.default\">\n\t\t\t\t<div class=\"elementor-widget-container\">\n\t\t\t<ul class=\"cms-breadcrumb\"><li><span class=\"breadcrumb-entry\">Home<\/span><\/li><\/ul>\t\t<\/div>\n\t\t\t\t<\/div>\n\t\t            <\/div>\n        <\/div>\n                            <\/div>\n        <\/section>\n                <section class=\"elementor-section elementor-top-section elementor-element elementor-element-ee4b78c elementor-section-stretched elementor-section-boxed elementor-section-height-default elementor-section-height-default\" data-id=\"ee4b78c\" data-element_type=\"section\" data-settings=\"{&quot;stretch_section&quot;:&quot;section-stretched&quot;}\">\n            \n                        <div class=\"elementor-container elementor-column-gap-extended \">\n                    <div class=\"elementor-column elementor-col-100 elementor-top-column elementor-element elementor-element-b6b07e2\" data-id=\"b6b07e2\" data-element_type=\"column\">\n            <div class=\"elementor-widget-wrap elementor-element-populated\">\n                                <section class=\"elementor-section elementor-inner-section elementor-element elementor-element-e001ee6 elementor-section-boxed elementor-section-height-default elementor-section-height-default\" data-id=\"e001ee6\" data-element_type=\"section\">\n            \n                        <div class=\"elementor-container elementor-column-gap-extended \">\n                    <div class=\"elementor-column elementor-col-100 elementor-inner-column elementor-element elementor-element-801b15b\" data-id=\"801b15b\" data-element_type=\"column\">\n            <div class=\"elementor-widget-wrap elementor-element-populated\">\n                        \t\t<div class=\"elementor-element elementor-element-53ad132 elementor-widget elementor-widget-text-editor\" data-id=\"53ad132\" data-element_type=\"widget\" data-widget_type=\"text-editor.default\">\n\t\t\t\t<div class=\"elementor-widget-container\">\n\t\t\t\t\t\t\t<p>a Asociaci\u00f3n Brasile\u00f1a de Refrigeraci\u00f3n, Aire Acondicionado, Ventilaci\u00f3n y Calefacci\u00f3n \u2013 ABRAVA, tiene por misi\u00f3n contribuir para el crecimiento de todos los agentes del sector, promoviendo el desarrollo sostenible, econ\u00f3mico y social, y la calidad de vida.<br \/><br \/>Fundada en 1962, ABRAVA tiene a\u00f1os de historia y conquistas en beneficio de sus asociados y de toda la comunidad del sector.<\/p>\t\t\t\t\t\t<\/div>\n\t\t\t\t<\/div>\n\t\t\t\t<div class=\"elementor-element elementor-element-95c9496 elementor-align-left elementor-widget elementor-widget-cms_button\" data-id=\"95c9496\" data-element_type=\"widget\" data-widget_type=\"cms_button.default\">\n\t\t\t\t<div class=\"elementor-widget-container\">\n\t\t\t<div class=\"cms-button-wrapper cms-button-layout1\">\n    <a href=\"http:\/\/www.abrava.com.br\" class=\"btn btn-secondary\">\n                            <span class=\"cms-button-icon cms-align-icon-left\">\n                <i aria-hidden=\"true\" class=\"fas fa-arrow-right\"><\/i>            <\/span>\n                <span class=\"cms-button-text\">Abrava<\/span>\n    <\/a>\n<\/div>\t\t<\/div>\n\t\t\t\t<\/div>\n\t\t            <\/div>\n        <\/div>\n                            <\/div>\n        <\/section>\n                    <\/div>\n        <\/div>\n                            <\/div>\n        <\/section>\n        \t\t\t\t<\/div>\n\t\t\t\t\t<\/div>\n\t\t","protected":false},"excerpt":{"rendered":"<p>Sobre Abrava Home a Asociaci\u00f3n Brasile\u00f1a de Refrigeraci\u00f3n, Aire Acondicionado, Ventilaci\u00f3n y Calefacci\u00f3n \u2013 ABRAVA, tiene por misi\u00f3n contribuir para el crecimiento de todos los agentes del sector, promoviendo el desarrollo sostenible, econ\u00f3mico y social, y la calidad de vida. Fundada en 1962, ABRAVA tiene a\u00f1os de historia y conquistas en beneficio de sus asociados [&hellip;]<\/p>\n","protected":false},"author":1,"featured_media":0,"parent":0,"menu_order":0,"comment_status":"closed","ping_status":"closed","template":"","meta":{"footnotes":""},"class_list":["post-4353","page","type-page","status-publish","hentry"],"_links":{"self":[{"href":"https:\/\/www.abravaexporta.com.br\/esp\/wp-json\/wp\/v2\/pages\/4353","targetHints":{"allow":["GET"]}}],"collection":[{"href":"https:\/\/www.abravaexporta.com.br\/esp\/wp-json\/wp\/v2\/pages"}],"about":[{"href":"https:\/\/www.abravaexporta.com.br\/esp\/wp-json\/wp\/v2\/types\/page"}],"author":[{"embeddable":true,"href":"https:\/\/www.abravaexporta.com.br\/esp\/wp-json\/wp\/v2\/users\/1"}],"replies":[{"embeddable":true,"href":"https:\/\/www.abravaexporta.com.br\/esp\/wp-json\/wp\/v2\/comments?post=4353"}],"version-history":[{"count":7,"href":"https:\/\/www.abravaexporta.com.br\/esp\/wp-json\/wp\/v2\/pages\/4353\/revisions"}],"predecessor-version":[{"id":4383,"href":"https:\/\/www.abravaexporta.com.br\/esp\/wp-json\/wp\/v2\/pages\/4353\/revisions\/4383"}],"wp:attachment":[{"href":"https:\/\/www.abravaexporta.com.br\/esp\/wp-json\/wp\/v2\/media?parent=4353"}],"curies":[{"name":"wp","href":"https:\/\/api.w.org\/{rel}","templated":true}]}}