{"id":3219,"date":"2021-10-05T20:33:56","date_gmt":"2021-10-05T23:33:56","guid":{"rendered":"https:\/\/www.abravaexporta.com.br\/esp\/?page_id=3219"},"modified":"2022-05-06T15:16:51","modified_gmt":"2022-05-06T18:16:51","slug":"galeria-de-imagens","status":"publish","type":"page","link":"https:\/\/www.abravaexporta.com.br\/esp\/galeria-de-imagens\/","title":{"rendered":"Galer\u00eda de Fotos"},"content":{"rendered":"\t\t<div data-elementor-type=\"wp-page\" data-elementor-id=\"3219\" class=\"elementor elementor-3219\" data-elementor-settings=\"[]\">\n\t\t\t\t\t\t\t<div class=\"elementor-section-wrap\">\n\t\t\t\t\t        <section class=\"elementor-section elementor-top-section elementor-element elementor-element-c9bfa56 elementor-section-stretched elementor-section-boxed elementor-section-height-default elementor-section-height-default\" data-id=\"c9bfa56\" data-element_type=\"section\" data-settings=\"{&quot;stretch_section&quot;:&quot;section-stretched&quot;,&quot;background_background&quot;:&quot;classic&quot;}\">\n            \n                        <div class=\"elementor-container elementor-column-gap-default \">\n                    <div class=\"elementor-column elementor-col-100 elementor-top-column elementor-element elementor-element-e3bbf7b\" data-id=\"e3bbf7b\" data-element_type=\"column\">\n            <div class=\"elementor-widget-wrap elementor-element-populated\">\n                        \t\t<div class=\"elementor-element elementor-element-c42dc36 elementor-widget elementor-widget-cms_heading\" data-id=\"c42dc36\" data-element_type=\"widget\" data-widget_type=\"cms_heading.default\">\n\t\t\t\t<div class=\"elementor-widget-container\">\n\t\t\t<div class=\"cms-heading-wrapper cms-heading-layout1\">\n    \n            <h3 class=\"custom-heading\">\n            <span >Galer\u00eda de Fotos<\/span>\n        <\/h3>\n        \n    <\/div>\t\t<\/div>\n\t\t\t\t<\/div>\n\t\t\t\t<div class=\"elementor-element elementor-element-18adf77 elementor-widget elementor-widget-cms_breadcrumb\" data-id=\"18adf77\" data-element_type=\"widget\" data-widget_type=\"cms_breadcrumb.default\">\n\t\t\t\t<div class=\"elementor-widget-container\">\n\t\t\t<ul class=\"cms-breadcrumb\"><li><span class=\"breadcrumb-entry\">Home<\/span><\/li><\/ul>\t\t<\/div>\n\t\t\t\t<\/div>\n\t\t            <\/div>\n        <\/div>\n                            <\/div>\n        <\/section>\n                <section class=\"elementor-section elementor-top-section elementor-element elementor-element-ee4b78c elementor-section-stretched elementor-section-boxed elementor-section-height-default elementor-section-height-default\" data-id=\"ee4b78c\" data-element_type=\"section\" data-settings=\"{&quot;stretch_section&quot;:&quot;section-stretched&quot;}\">\n            \n                        <div class=\"elementor-container elementor-column-gap-extended \">\n                    <div class=\"elementor-column elementor-col-100 elementor-top-column elementor-element elementor-element-b6b07e2\" data-id=\"b6b07e2\" data-element_type=\"column\">\n            <div class=\"elementor-widget-wrap elementor-element-populated\">\n                        \t\t<div class=\"elementor-element elementor-element-bdb2115 elementor-grid-eael-col-3 elementor-grid-tablet-eael-col-2 elementor-grid-mobile-eael-col-1 elementor-widget elementor-widget-eael-post-grid\" data-id=\"bdb2115\" data-element_type=\"widget\" data-settings=\"{&quot;eael_post_grid_columns&quot;:&quot;eael-col-3&quot;,&quot;eael_post_grid_columns_tablet&quot;:&quot;eael-col-2&quot;,&quot;eael_post_grid_columns_mobile&quot;:&quot;eael-col-1&quot;}\" data-widget_type=\"eael-post-grid.default\">\n\t\t\t\t<div class=\"elementor-widget-container\">\n\t\t\t<div id=\"eael-post-grid-bdb2115\" class=\"eael-post-grid-container\">\n            <div class=\"eael-post-grid eael-post-appender eael-post-appender-bdb2115 eael-post-grid-style-two\" data-layout-mode=\"grid\"><article class=\"eael-grid-post eael-post-grid-column\" data-id=\"2998\">\n        <div class=\"eael-grid-post-holder\">\n            <div class=\"eael-grid-post-holder-inner\"><div class=\"eael-entry-wrapper\"><header class=\"eael-entry-header\"><h2 class=\"eael-entry-title\"><a\n                                    class=\"eael-grid-post-link\"\n                                    href=\"https:\/\/www.abravaexporta.com.br\/esp\/feira-ahr-expo-chicago-2018\/\"\n                                    title=\"Feira AHR Expo Chicago 2018\">Feira AHR Expo Chicago 2018<\/a><\/h2><\/header><div class=\"eael-entry-meta\"><\/div><\/div><\/div>\n        <\/div>\n    <\/article><article class=\"eael-grid-post eael-post-grid-column\" data-id=\"3080\">\n        <div class=\"eael-grid-post-holder\">\n            <div class=\"eael-grid-post-holder-inner\"><div class=\"eael-entry-wrapper\"><header class=\"eael-entry-header\"><h2 class=\"eael-entry-title\"><a\n                                    class=\"eael-grid-post-link\"\n                                    href=\"https:\/\/www.abravaexporta.com.br\/esp\/expo-las-vegas-2017\/\"\n                                    title=\"Expo Las Vegas 2017\">Expo Las Vegas 2017<\/a><\/h2><\/header><div class=\"eael-entry-meta\"><\/div><\/div><\/div>\n        <\/div>\n    <\/article><article class=\"eael-grid-post eael-post-grid-column\" data-id=\"3164\">\n        <div class=\"eael-grid-post-holder\">\n            <div class=\"eael-grid-post-holder-inner\"><div class=\"eael-entry-wrapper\"><header class=\"eael-entry-header\"><h2 class=\"eael-entry-title\"><a\n                                    class=\"eael-grid-post-link\"\n                                    href=\"https:\/\/www.abravaexporta.com.br\/esp\/projeto-comprador-rio-grande-do-sul-2016\/\"\n                                    title=\"Projeto Comprador Rio Grande do Sul 2016\">Projeto Comprador Rio Grande do Sul 2016<\/a><\/h2><\/header><div class=\"eael-entry-meta\"><\/div><\/div><\/div>\n        <\/div>\n    <\/article><article class=\"eael-grid-post eael-post-grid-column\" data-id=\"3152\">\n        <div class=\"eael-grid-post-holder\">\n            <div class=\"eael-grid-post-holder-inner\"><div class=\"eael-entry-wrapper\"><header class=\"eael-entry-header\"><h2 class=\"eael-entry-title\"><a\n                                    class=\"eael-grid-post-link\"\n                                    href=\"https:\/\/www.abravaexporta.com.br\/esp\/feira-ahr-expo-mexico-2016\/\"\n                                    title=\"Feira AHR Expo M\u00e9xico 2016\">Feira AHR Expo M\u00e9xico 2016<\/a><\/h2><\/header><div class=\"eael-entry-meta\"><\/div><\/div><\/div>\n        <\/div>\n    <\/article><article class=\"eael-grid-post eael-post-grid-column\" data-id=\"3130\">\n        <div class=\"eael-grid-post-holder\">\n            <div class=\"eael-grid-post-holder-inner\"><div class=\"eael-entry-wrapper\"><header class=\"eael-entry-header\"><h2 class=\"eael-entry-title\"><a\n                                    class=\"eael-grid-post-link\"\n                                    href=\"https:\/\/www.abravaexporta.com.br\/esp\/feira-refriamericas-2016-panama\/\"\n                                    title=\"Feira Refriam\u00e9ricas 2016 \u2013 Panam\u00e1\">Feira Refriam\u00e9ricas 2016 \u2013 Panam\u00e1<\/a><\/h2><\/header><div class=\"eael-entry-meta\"><\/div><\/div><\/div>\n        <\/div>\n    <\/article><article class=\"eael-grid-post eael-post-grid-column\" data-id=\"3114\">\n        <div class=\"eael-grid-post-holder\">\n            <div class=\"eael-grid-post-holder-inner\"><div class=\"eael-entry-wrapper\"><header class=\"eael-entry-header\"><h2 class=\"eael-entry-title\"><a\n                                    class=\"eael-grid-post-link\"\n                                    href=\"https:\/\/www.abravaexporta.com.br\/esp\/feira-expo-frio-y-calor-chile-2016\/\"\n                                    title=\"Feira Expo Fr\u00edo y Calor Chile 2016\">Feira Expo Fr\u00edo y Calor Chile 2016<\/a><\/h2><\/header><div class=\"eael-entry-meta\"><\/div><\/div><\/div>\n        <\/div>\n    <\/article><article class=\"eael-grid-post eael-post-grid-column\" data-id=\"3200\">\n        <div class=\"eael-grid-post-holder\">\n            <div class=\"eael-grid-post-holder-inner\"><div class=\"eael-entry-wrapper\"><header class=\"eael-entry-header\"><h2 class=\"eael-entry-title\"><a\n                                    class=\"eael-grid-post-link\"\n                                    href=\"https:\/\/www.abravaexporta.com.br\/esp\/rodada-internacional-de-negocios-febrava-2015\/\"\n                                    title=\"Rodada Internacional FEBRAVA 2015\">Rodada Internacional FEBRAVA 2015<\/a><\/h2><\/header><div class=\"eael-entry-meta\"><\/div><\/div><\/div>\n        <\/div>\n    <\/article><article class=\"eael-grid-post eael-post-grid-column\" data-id=\"3180\">\n        <div class=\"eael-grid-post-holder\">\n            <div class=\"eael-grid-post-holder-inner\"><div class=\"eael-entry-wrapper\"><header class=\"eael-entry-header\"><h2 class=\"eael-entry-title\"><a\n                                    class=\"eael-grid-post-link\"\n                                    href=\"https:\/\/www.abravaexporta.com.br\/esp\/feira-ahr-expo-chicago-2015\/\"\n                                    title=\"Feira AHR Expo Chicago 2015\">Feira AHR Expo Chicago 2015<\/a><\/h2><\/header><div class=\"eael-entry-meta\"><\/div><\/div><\/div>\n        <\/div>\n    <\/article><article class=\"eael-grid-post eael-post-grid-column\" data-id=\"3262\">\n        <div class=\"eael-grid-post-holder\">\n            <div class=\"eael-grid-post-holder-inner\"><div class=\"eael-entry-wrapper\"><header class=\"eael-entry-header\"><h2 class=\"eael-entry-title\"><a\n                                    class=\"eael-grid-post-link\"\n                                    href=\"https:\/\/www.abravaexporta.com.br\/esp\/show-room-colombia-2014\/\"\n                                    title=\"Show Room Col\u00f4mbia 2014\">Show Room Col\u00f4mbia 2014<\/a><\/h2><\/header><div class=\"eael-entry-meta\"><\/div><\/div><\/div>\n        <\/div>\n    <\/article><article class=\"eael-grid-post eael-post-grid-column\" data-id=\"3275\">\n        <div class=\"eael-grid-post-holder\">\n            <div class=\"eael-grid-post-holder-inner\"><div class=\"eael-entry-wrapper\"><header class=\"eael-entry-header\"><h2 class=\"eael-entry-title\"><a\n                                    class=\"eael-grid-post-link\"\n                                    href=\"https:\/\/www.abravaexporta.com.br\/esp\/projeto-vendedor-mexico-2014\/\"\n                                    title=\"Projeto Vendedor M\u00e9xico 2014\">Projeto Vendedor M\u00e9xico 2014<\/a><\/h2><\/header><div class=\"eael-entry-meta\"><\/div><\/div><\/div>\n        <\/div>\n    <\/article><article class=\"eael-grid-post eael-post-grid-column\" data-id=\"3287\">\n        <div class=\"eael-grid-post-holder\">\n            <div class=\"eael-grid-post-holder-inner\"><div class=\"eael-entry-wrapper\"><header class=\"eael-entry-header\"><h2 class=\"eael-entry-title\"><a\n                                    class=\"eael-grid-post-link\"\n                                    href=\"https:\/\/www.abravaexporta.com.br\/esp\/rodada-internacional-de-negocios-rs-2014\/\"\n                                    title=\"Rodada Internacional RS 2014\">Rodada Internacional RS 2014<\/a><\/h2><\/header><div class=\"eael-entry-meta\"><\/div><\/div><\/div>\n        <\/div>\n    <\/article><article class=\"eael-grid-post eael-post-grid-column\" data-id=\"3302\">\n        <div class=\"eael-grid-post-holder\">\n            <div class=\"eael-grid-post-holder-inner\"><div class=\"eael-entry-wrapper\"><header class=\"eael-entry-header\"><h2 class=\"eael-entry-title\"><a\n                                    class=\"eael-grid-post-link\"\n                                    href=\"https:\/\/www.abravaexporta.com.br\/esp\/feira-refriamericas-2014\/\"\n                                    title=\"Feira Refriam\u00e9ricas 2014\">Feira Refriam\u00e9ricas 2014<\/a><\/h2><\/header><div class=\"eael-entry-meta\"><\/div><\/div><\/div>\n        <\/div>\n    <\/article><\/div>\n            <div class=\"clearfix\"><\/div>\n        <\/div>            <div class=\"eael-load-more-button-wrap\">\n                <button class=\"eael-load-more-button\" id=\"eael-load-more-btn-bdb2115\" data-widget-id=\"bdb2115\" data-widget=\"bdb2115\" data-page-id=\"3219\" data-nonce=\"81fc0708ff\" data-template=\"{&quot;dir&quot;:&quot;lite&quot;,&quot;file_name&quot;:&quot;default.php&quot;,&quot;name&quot;:&quot;Post-Grid&quot;}\" data-class=\"Essential_Addons_Elementor\\Elements\\Post_Grid\" data-layout=\"grid\" data-page=\"1\" data-args=\"orderby=date&amp;order=desc&amp;ignore_sticky_posts=1&amp;post_status=publish&amp;posts_per_page=12&amp;offset=0&amp;post_type=post&amp;tax_query%5B0%5D%5Btaxonomy%5D=category&amp;tax_query%5B0%5D%5Bfield%5D=term_id&amp;tax_query%5B0%5D%5Bterms%5D%5B0%5D=59&amp;tax_query%5Brelation%5D=AND\" data-max-page=\"2\">\n                    <div class=\"eael-btn-loader button__loader\"><\/div>\n                    <span>carga m\u00e1s<\/span>\n                <\/button>\n            <\/div>\n        \t\t<\/div>\n\t\t\t\t<\/div>\n\t\t            <\/div>\n        <\/div>\n                            <\/div>\n        <\/section>\n        \t\t\t\t<\/div>\n\t\t\t\t\t<\/div>\n\t\t","protected":false},"excerpt":{"rendered":"<p>Galer\u00eda de Fotos Home Feira AHR Expo Chicago 2018 Expo Las Vegas 2017 Projeto Comprador Rio Grande do Sul 2016 Feira AHR Expo M\u00e9xico 2016 Feira Refriam\u00e9ricas 2016 \u2013 Panam\u00e1 Feira Expo Fr\u00edo y Calor Chile 2016 Rodada Internacional FEBRAVA 2015 Feira AHR Expo Chicago 2015 Show Room Col\u00f4mbia 2014 Projeto Vendedor M\u00e9xico 2014 Rodada [&hellip;]<\/p>\n","protected":false},"author":1,"featured_media":0,"parent":0,"menu_order":0,"comment_status":"closed","ping_status":"closed","template":"","meta":{"footnotes":""},"class_list":["post-3219","page","type-page","status-publish","hentry"],"_links":{"self":[{"href":"https:\/\/www.abravaexporta.com.br\/esp\/wp-json\/wp\/v2\/pages\/3219","targetHints":{"allow":["GET"]}}],"collection":[{"href":"https:\/\/www.abravaexporta.com.br\/esp\/wp-json\/wp\/v2\/pages"}],"about":[{"href":"https:\/\/www.abravaexporta.com.br\/esp\/wp-json\/wp\/v2\/types\/page"}],"author":[{"embeddable":true,"href":"https:\/\/www.abravaexporta.com.br\/esp\/wp-json\/wp\/v2\/users\/1"}],"replies":[{"embeddable":true,"href":"https:\/\/www.abravaexporta.com.br\/esp\/wp-json\/wp\/v2\/comments?post=3219"}],"version-history":[{"count":6,"href":"https:\/\/www.abravaexporta.com.br\/esp\/wp-json\/wp\/v2\/pages\/3219\/revisions"}],"predecessor-version":[{"id":4412,"href":"https:\/\/www.abravaexporta.com.br\/esp\/wp-json\/wp\/v2\/pages\/3219\/revisions\/4412"}],"wp:attachment":[{"href":"https:\/\/www.abravaexporta.com.br\/esp\/wp-json\/wp\/v2\/media?parent=3219"}],"curies":[{"name":"wp","href":"https:\/\/api.w.org\/{rel}","templated":true}]}}