{"id":2548,"date":"2021-09-27T16:48:35","date_gmt":"2021-09-27T19:48:35","guid":{"rendered":"https:\/\/www.abravaexporta.com.br\/esp\/?page_id=2548"},"modified":"2022-05-06T15:07:08","modified_gmt":"2022-05-06T18:07:08","slug":"calendario-de-acoes","status":"publish","type":"page","link":"https:\/\/www.abravaexporta.com.br\/esp\/calendario-de-acoes\/","title":{"rendered":"Calend\u00e1rio de A\u00e7\u00f5es"},"content":{"rendered":"\t\t<div data-elementor-type=\"wp-page\" data-elementor-id=\"2548\" class=\"elementor elementor-2548\" data-elementor-settings=\"[]\">\n\t\t\t\t\t\t\t<div class=\"elementor-section-wrap\">\n\t\t\t\t\t        <section class=\"elementor-section elementor-top-section elementor-element elementor-element-c9bfa56 elementor-section-stretched elementor-section-boxed elementor-section-height-default elementor-section-height-default\" data-id=\"c9bfa56\" data-element_type=\"section\" data-settings=\"{&quot;stretch_section&quot;:&quot;section-stretched&quot;,&quot;background_background&quot;:&quot;classic&quot;}\">\n            \n                        <div class=\"elementor-container elementor-column-gap-default \">\n                    <div class=\"elementor-column elementor-col-100 elementor-top-column elementor-element elementor-element-e3bbf7b\" data-id=\"e3bbf7b\" data-element_type=\"column\">\n            <div class=\"elementor-widget-wrap elementor-element-populated\">\n                        \t\t<div class=\"elementor-element elementor-element-c42dc36 elementor-widget elementor-widget-cms_heading\" data-id=\"c42dc36\" data-element_type=\"widget\" data-widget_type=\"cms_heading.default\">\n\t\t\t\t<div class=\"elementor-widget-container\">\n\t\t\t<div class=\"cms-heading-wrapper cms-heading-layout1\">\n    \n            <h3 class=\"custom-heading\">\n            <span >Eventos y Exposiciones<\/span>\n        <\/h3>\n        \n    <\/div>\t\t<\/div>\n\t\t\t\t<\/div>\n\t\t\t\t<div class=\"elementor-element elementor-element-18adf77 elementor-widget elementor-widget-cms_breadcrumb\" data-id=\"18adf77\" data-element_type=\"widget\" data-widget_type=\"cms_breadcrumb.default\">\n\t\t\t\t<div class=\"elementor-widget-container\">\n\t\t\t<ul class=\"cms-breadcrumb\"><li><span class=\"breadcrumb-entry\">Home<\/span><\/li><\/ul>\t\t<\/div>\n\t\t\t\t<\/div>\n\t\t            <\/div>\n        <\/div>\n                            <\/div>\n        <\/section>\n                <section class=\"elementor-section elementor-top-section elementor-element elementor-element-ee4b78c elementor-section-stretched elementor-section-boxed elementor-section-height-default elementor-section-height-default\" data-id=\"ee4b78c\" data-element_type=\"section\" data-settings=\"{&quot;stretch_section&quot;:&quot;section-stretched&quot;}\">\n            \n                        <div class=\"elementor-container elementor-column-gap-extended \">\n                    <div class=\"elementor-column elementor-col-100 elementor-top-column elementor-element elementor-element-b6b07e2\" data-id=\"b6b07e2\" data-element_type=\"column\">\n            <div class=\"elementor-widget-wrap elementor-element-populated\">\n                        \t\t<div class=\"elementor-element elementor-element-e0a0387 elementor-widget elementor-widget-html\" data-id=\"e0a0387\" data-element_type=\"widget\" data-widget_type=\"html.default\">\n\t\t\t\t<div class=\"elementor-widget-container\">\n\t\t\t<div class=\"mec-wrap mec-skin-grid-container  \" id=\"mec_skin_2551\">\r\n    \r\n        \r\n        <div class=\"mec-skin-grid-events-container\" id=\"mec_skin_events_2551\">\r\n        Nenhum evento encontrado!    <\/div>\r\n        \r\n        \r\n<\/div>\t\t<\/div>\n\t\t\t\t<\/div>\n\t\t            <\/div>\n        <\/div>\n                            <\/div>\n        <\/section>\n        \t\t\t\t<\/div>\n\t\t\t\t\t<\/div>\n\t\t","protected":false},"excerpt":{"rendered":"<p>Eventos y Exposiciones Home<\/p>\n","protected":false},"author":1,"featured_media":0,"parent":0,"menu_order":0,"comment_status":"closed","ping_status":"closed","template":"","meta":{"footnotes":""},"class_list":["post-2548","page","type-page","status-publish","hentry"],"_links":{"self":[{"href":"https:\/\/www.abravaexporta.com.br\/esp\/wp-json\/wp\/v2\/pages\/2548","targetHints":{"allow":["GET"]}}],"collection":[{"href":"https:\/\/www.abravaexporta.com.br\/esp\/wp-json\/wp\/v2\/pages"}],"about":[{"href":"https:\/\/www.abravaexporta.com.br\/esp\/wp-json\/wp\/v2\/types\/page"}],"author":[{"embeddable":true,"href":"https:\/\/www.abravaexporta.com.br\/esp\/wp-json\/wp\/v2\/users\/1"}],"replies":[{"embeddable":true,"href":"https:\/\/www.abravaexporta.com.br\/esp\/wp-json\/wp\/v2\/comments?post=2548"}],"version-history":[{"count":3,"href":"https:\/\/www.abravaexporta.com.br\/esp\/wp-json\/wp\/v2\/pages\/2548\/revisions"}],"predecessor-version":[{"id":4397,"href":"https:\/\/www.abravaexporta.com.br\/esp\/wp-json\/wp\/v2\/pages\/2548\/revisions\/4397"}],"wp:attachment":[{"href":"https:\/\/www.abravaexporta.com.br\/esp\/wp-json\/wp\/v2\/media?parent=2548"}],"curies":[{"name":"wp","href":"https:\/\/api.w.org\/{rel}","templated":true}]}}