{"id":2482,"date":"2021-09-27T11:12:50","date_gmt":"2021-09-27T14:12:50","guid":{"rendered":"https:\/\/www.abravaexporta.com.br\/eng\/?page_id=2482"},"modified":"2022-05-06T17:31:27","modified_gmt":"2022-05-06T20:31:27","slug":"sobre-o-programa","status":"publish","type":"page","link":"https:\/\/www.abravaexporta.com.br\/eng\/sobre-o-programa\/","title":{"rendered":"About the Program"},"content":{"rendered":"\t\t<div data-elementor-type=\"wp-page\" data-elementor-id=\"2482\" class=\"elementor elementor-2482\" data-elementor-settings=\"[]\">\n\t\t\t\t\t\t\t<div class=\"elementor-section-wrap\">\n\t\t\t\t\t        <section class=\"elementor-section elementor-top-section elementor-element elementor-element-c9bfa56 elementor-section-stretched elementor-section-boxed elementor-section-height-default elementor-section-height-default\" data-id=\"c9bfa56\" data-element_type=\"section\" data-settings=\"{&quot;stretch_section&quot;:&quot;section-stretched&quot;,&quot;background_background&quot;:&quot;classic&quot;}\">\n            \n                        <div class=\"elementor-container elementor-column-gap-default \">\n                    <div class=\"elementor-column elementor-col-100 elementor-top-column elementor-element elementor-element-e3bbf7b\" data-id=\"e3bbf7b\" data-element_type=\"column\">\n            <div class=\"elementor-widget-wrap elementor-element-populated\">\n                        \t\t<div class=\"elementor-element elementor-element-c42dc36 elementor-widget elementor-widget-cms_heading\" data-id=\"c42dc36\" data-element_type=\"widget\" data-widget_type=\"cms_heading.default\">\n\t\t\t\t<div class=\"elementor-widget-container\">\n\t\t\t<div class=\"cms-heading-wrapper cms-heading-layout1\">\n    \n            <h3 class=\"custom-heading\">\n            <span >About the Program<\/span>\n        <\/h3>\n        \n    <\/div>\t\t<\/div>\n\t\t\t\t<\/div>\n\t\t\t\t<div class=\"elementor-element elementor-element-18adf77 elementor-widget elementor-widget-cms_breadcrumb\" data-id=\"18adf77\" data-element_type=\"widget\" data-widget_type=\"cms_breadcrumb.default\">\n\t\t\t\t<div class=\"elementor-widget-container\">\n\t\t\t<ul class=\"cms-breadcrumb\"><li><span class=\"breadcrumb-entry\">Home<\/span><\/li><\/ul>\t\t<\/div>\n\t\t\t\t<\/div>\n\t\t            <\/div>\n        <\/div>\n                            <\/div>\n        <\/section>\n                <section class=\"elementor-section elementor-top-section elementor-element elementor-element-ee4b78c elementor-section-stretched elementor-section-boxed elementor-section-height-default elementor-section-height-default\" data-id=\"ee4b78c\" data-element_type=\"section\" data-settings=\"{&quot;stretch_section&quot;:&quot;section-stretched&quot;}\">\n            \n                        <div class=\"elementor-container elementor-column-gap-extended \">\n                    <div class=\"elementor-column elementor-col-100 elementor-top-column elementor-element elementor-element-b6b07e2\" data-id=\"b6b07e2\" data-element_type=\"column\">\n            <div class=\"elementor-widget-wrap elementor-element-populated\">\n                        \t\t<div class=\"elementor-element elementor-element-d5cab2f elementor-widget elementor-widget-cms_heading\" data-id=\"d5cab2f\" data-element_type=\"widget\" data-widget_type=\"cms_heading.default\">\n\t\t\t\t<div class=\"elementor-widget-container\">\n\t\t\t<div class=\"cms-heading-wrapper cms-heading-layout1\">\n    \n            <h3 class=\"custom-heading\">\n            <span >HVAC-R Abrava Export Program<\/span>\n        <\/h3>\n        \n    <\/div>\t\t<\/div>\n\t\t\t\t<\/div>\n\t\t        <section class=\"elementor-section elementor-inner-section elementor-element elementor-element-e001ee6 elementor-section-boxed elementor-section-height-default elementor-section-height-default\" data-id=\"e001ee6\" data-element_type=\"section\">\n            \n                        <div class=\"elementor-container elementor-column-gap-extended \">\n                    <div class=\"elementor-column elementor-col-100 elementor-inner-column elementor-element elementor-element-801b15b\" data-id=\"801b15b\" data-element_type=\"column\">\n            <div class=\"elementor-widget-wrap elementor-element-populated\">\n                        \t\t<div class=\"elementor-element elementor-element-53ad132 elementor-widget elementor-widget-text-editor\" data-id=\"53ad132\" data-element_type=\"widget\" data-widget_type=\"text-editor.default\">\n\t\t\t\t<div class=\"elementor-widget-container\">\n\t\t\t\t\t\t\t<p>ABRAVA Export Program is a partnership of ABRAVA \u2013 Brazilian Association of Refrigeration, Air Conditioning, Ventilation and Heating with Apex-Brasil \u2013 Brazilian Trade and Investment Promotion Agency to increase the exports of HVAC-R sector, representing a group of refrigeration, air conditioning, ventilation and heating Brazilian companies.<\/p><p>With activities directed to include HVAC-R Brazilian companies in the international market, the Program has made efforts to promote new business and strategic partnerships, providing information on market intelligence to enhance business competitiveness of the companies.<\/p><p>For further information of the Brazilian companies, please visit:<\/p>\t\t\t\t\t\t<\/div>\n\t\t\t\t<\/div>\n\t\t\t\t<div class=\"elementor-element elementor-element-95c9496 elementor-align-left elementor-widget elementor-widget-cms_button\" data-id=\"95c9496\" data-element_type=\"widget\" data-widget_type=\"cms_button.default\">\n\t\t\t\t<div class=\"elementor-widget-container\">\n\t\t\t<div class=\"cms-button-wrapper cms-button-layout1\">\n    <a href=\"https:\/\/www.abravaexporta.com.br\/eng\/vitrine\/\" class=\"btn btn-secondary\">\n                            <span class=\"cms-button-icon cms-align-icon-left\">\n                <i aria-hidden=\"true\" class=\"fas fa-arrow-right\"><\/i>            <\/span>\n                <span class=\"cms-button-text\">HVAC-R Brazilian exporters<\/span>\n    <\/a>\n<\/div>\t\t<\/div>\n\t\t\t\t<\/div>\n\t\t\t\t<div class=\"elementor-element elementor-element-2aded51 elementor-widget elementor-widget-heading\" data-id=\"2aded51\" data-element_type=\"widget\" data-widget_type=\"heading.default\">\n\t\t\t\t<div class=\"elementor-widget-container\">\n\t\t\t<h2 class=\"elementor-heading-title elementor-size-default\">Trade shows<\/h2>\t\t<\/div>\n\t\t\t\t<\/div>\n\t\t\t\t<div class=\"elementor-element elementor-element-3fe63d9 elementor-widget elementor-widget-text-editor\" data-id=\"3fe63d9\" data-element_type=\"widget\" data-widget_type=\"text-editor.default\">\n\t\t\t\t<div class=\"elementor-widget-container\">\n\t\t\t\t\t\t\t<p>Abrava Export Program participates since 2004 in international fairs, exposing the products of HVAC-R Brazilian companies. The interest of international buyers in Brazilian products demonstrates that Brazil is recognized for its technology and competitiveness in international markets.<br \/>The Brazilian HVAC-R companies are present in the international exhibitions, such as: AHR Expo United States, AHR Expo Mexico, Expo Fr\u00edo y Calor Chile, Expo Fr\u00edo y Calor Peru, Refriam\u00e9ricas, among others.<\/p>\t\t\t\t\t\t<\/div>\n\t\t\t\t<\/div>\n\t\t\t\t<div class=\"elementor-element elementor-element-7066791 elementor-widget elementor-widget-heading\" data-id=\"7066791\" data-element_type=\"widget\" data-widget_type=\"heading.default\">\n\t\t\t\t<div class=\"elementor-widget-container\">\n\t\t\t<h2 class=\"elementor-heading-title elementor-size-default\">Trade Missions<\/h2>\t\t<\/div>\n\t\t\t\t<\/div>\n\t\t\t\t<div class=\"elementor-element elementor-element-8373866 elementor-widget elementor-widget-text-editor\" data-id=\"8373866\" data-element_type=\"widget\" data-widget_type=\"text-editor.default\">\n\t\t\t\t<div class=\"elementor-widget-container\">\n\t\t\t\t\t\t\tVisits to other markets with the purpose of conducting business meetings, as well as establishing new contacts, identifying market information and promoting new partnerships for future business relationships.\t\t\t\t\t\t<\/div>\n\t\t\t\t<\/div>\n\t\t\t\t<div class=\"elementor-element elementor-element-2adbfc9 elementor-widget elementor-widget-heading\" data-id=\"2adbfc9\" data-element_type=\"widget\" data-widget_type=\"heading.default\">\n\t\t\t\t<div class=\"elementor-widget-container\">\n\t\t\t<h2 class=\"elementor-heading-title elementor-size-default\">Business rounds with international buyers<\/h2>\t\t<\/div>\n\t\t\t\t<\/div>\n\t\t\t\t<div class=\"elementor-element elementor-element-e263e64 elementor-widget elementor-widget-text-editor\" data-id=\"e263e64\" data-element_type=\"widget\" data-widget_type=\"text-editor.default\">\n\t\t\t\t<div class=\"elementor-widget-container\">\n\t\t\t\t\t\t\t<p>ABRAVA Export Program foments trade interchange by organizing business rounds with international buyers both in Brazil and other countries. The meetings are arranged directed between supply and demand of participating companies, so that all the business contacts established become really effective.<\/p><p>The agenda of the meetings is set up considering the analysis of the products searched by the international buyers in the Brazilian market, in accordance to the organizing\u2019 rules.<\/p><p>All over the world, business meetings have shown excellent results, identifying new suppliers and partnerships capable of meeting their needs, constructing alternatives qualified for the international trade process.<\/p>\t\t\t\t\t\t<\/div>\n\t\t\t\t<\/div>\n\t\t\t\t<div class=\"elementor-element elementor-element-77662ec elementor-widget elementor-widget-heading\" data-id=\"77662ec\" data-element_type=\"widget\" data-widget_type=\"heading.default\">\n\t\t\t\t<div class=\"elementor-widget-container\">\n\t\t\t<h2 class=\"elementor-heading-title elementor-size-default\">Business intelligence<\/h2>\t\t<\/div>\n\t\t\t\t<\/div>\n\t\t\t\t<div class=\"elementor-element elementor-element-b992ee3 elementor-widget elementor-widget-text-editor\" data-id=\"b992ee3\" data-element_type=\"widget\" data-widget_type=\"text-editor.default\">\n\t\t\t\t<div class=\"elementor-widget-container\">\n\t\t\t\t\t\t\t<p>Strategic information on potential markets, producing knowledge to HVAC-R Brazilian companies to increase their competitiveness.<\/p><p>To see our participation in internacional activities, see:<\/p>\t\t\t\t\t\t<\/div>\n\t\t\t\t<\/div>\n\t\t\t\t<div class=\"elementor-element elementor-element-f35dd3b elementor-align-left elementor-widget elementor-widget-cms_button\" data-id=\"f35dd3b\" data-element_type=\"widget\" data-widget_type=\"cms_button.default\">\n\t\t\t\t<div class=\"elementor-widget-container\">\n\t\t\t<div class=\"cms-button-wrapper cms-button-layout1\">\n    <a href=\"https:\/\/www.abravaexporta.com.br\/eng\/galeria-de-imagens\/\" class=\"btn btn-secondary\">\n                            <span class=\"cms-button-icon cms-align-icon-left\">\n                <i aria-hidden=\"true\" class=\"fas fa-arrow-right\"><\/i>            <\/span>\n                <span class=\"cms-button-text\">Image Gallery<\/span>\n    <\/a>\n<\/div>\t\t<\/div>\n\t\t\t\t<\/div>\n\t\t            <\/div>\n        <\/div>\n                            <\/div>\n        <\/section>\n                    <\/div>\n        <\/div>\n                            <\/div>\n        <\/section>\n        \t\t\t\t<\/div>\n\t\t\t\t\t<\/div>\n\t\t","protected":false},"excerpt":{"rendered":"<p>About the Program Home HVAC-R Abrava Export Program ABRAVA Export Program is a partnership of ABRAVA \u2013 Brazilian Association of Refrigeration, Air Conditioning, Ventilation and Heating with Apex-Brasil \u2013 Brazilian Trade and Investment Promotion Agency to increase the exports of HVAC-R sector, representing a group of refrigeration, air conditioning, ventilation and heating Brazilian companies. With [&hellip;]<\/p>\n","protected":false},"author":1,"featured_media":0,"parent":0,"menu_order":0,"comment_status":"closed","ping_status":"closed","template":"","meta":{"footnotes":""},"class_list":["post-2482","page","type-page","status-publish","hentry"],"_links":{"self":[{"href":"https:\/\/www.abravaexporta.com.br\/eng\/wp-json\/wp\/v2\/pages\/2482","targetHints":{"allow":["GET"]}}],"collection":[{"href":"https:\/\/www.abravaexporta.com.br\/eng\/wp-json\/wp\/v2\/pages"}],"about":[{"href":"https:\/\/www.abravaexporta.com.br\/eng\/wp-json\/wp\/v2\/types\/page"}],"author":[{"embeddable":true,"href":"https:\/\/www.abravaexporta.com.br\/eng\/wp-json\/wp\/v2\/users\/1"}],"replies":[{"embeddable":true,"href":"https:\/\/www.abravaexporta.com.br\/eng\/wp-json\/wp\/v2\/comments?post=2482"}],"version-history":[{"count":6,"href":"https:\/\/www.abravaexporta.com.br\/eng\/wp-json\/wp\/v2\/pages\/2482\/revisions"}],"predecessor-version":[{"id":4458,"href":"https:\/\/www.abravaexporta.com.br\/eng\/wp-json\/wp\/v2\/pages\/2482\/revisions\/4458"}],"wp:attachment":[{"href":"https:\/\/www.abravaexporta.com.br\/eng\/wp-json\/wp\/v2\/media?parent=2482"}],"curies":[{"name":"wp","href":"https:\/\/api.w.org\/{rel}","templated":true}]}}